{"id":12397,"date":"2022-03-14T10:44:47","date_gmt":"2022-03-14T09:44:47","guid":{"rendered":"https:\/\/www.lightsinthedark.info\/?page_id=12397"},"modified":"2023-03-18T04:06:04","modified_gmt":"2023-03-18T08:06:04","slug":"news","status":"publish","type":"page","link":"https:\/\/www.lightsinthedark.info\/en\/news\/","title":{"rendered":"NEWS"},"content":{"rendered":"<div class=\"wpb-content-wrapper\"><p>[vc_row][vc_column][vc_column_text]All the news about our mission to evangelize on the digital continent.[\/vc_column_text][vc_empty_space height=&#8221;50px&#8221;][\/vc_column][\/vc_row][vc_row][vc_column]<div class=\"edgtf-elements-holder   edgtf-one-column  edgtf-responsive-mode-768 \" ><div class=\"edgtf-eh-item     \"  data-item-class=\"edgtf-eh-custom-3163\">\n\t<div class=\"edgtf-eh-item-inner\">\n\t\t<div class=\"edgtf-eh-item-content edgtf-eh-custom-3163\" >\n\t\t\t<div class=\"edgtf-blog-list-holder edgtf-grid-list edgtf-bl-standard edgtf-one-columns edgtf-disable-bottom-space edgtf-huge-space edgtf-bl-pag-no-pagination\"  data-type=standard data-number-of-posts=3 data-number-of-columns=one data-space-between-items=huge data-orderby=date data-order=DESC data-image-size=full data-title-tag=h4 data-excerpt-length=40 data-post-info-section=yes data-post-info-image=yes data-post-info-author=yes data-post-info-date=yes data-post-info-category=yes data-post-info-comments=no data-post-info-like=no data-post-info-share=no data-pagination-type=no-pagination data-max-num-pages=2 data-next-page=2>\n\t<div class=\"edgtf-bl-wrapper edgtf-outer-space\">\n\t\t<ul class=\"edgtf-blog-list\">\n\t\t\t<li class=\"edgtf-bl-item edgtf-item-space\">\n\t<div class=\"edgtf-bli-inner\">\n\t\t\n\t<div class=\"edgtf-post-image\">\n\t\t\t\t\t<a itemprop=\"url\" href=\"https:\/\/www.lightsinthedark.info\/en\/the-french-online-missionary-initiative-lights-in-the-dark\/\" title=\"The French online missionary initiative \u201cLights in the Dark\u201d (Puridicuore.it)\">\n\t\t\t\t\t<img fetchpriority=\"high\" decoding=\"async\" width=\"1920\" height=\"1080\" src=\"https:\/\/www.lightsinthedark.info\/en\/wp-content\/uploads\/2023\/05\/SOSporn-Lightsinthedark.png\" class=\"attachment-full size-full wp-post-image\" alt=\"\" srcset=\"https:\/\/www.lightsinthedark.info\/en\/wp-content\/uploads\/2023\/05\/SOSporn-Lightsinthedark.png 1920w, https:\/\/www.lightsinthedark.info\/en\/wp-content\/uploads\/2023\/05\/SOSporn-Lightsinthedark-300x169.png 300w, https:\/\/www.lightsinthedark.info\/en\/wp-content\/uploads\/2023\/05\/SOSporn-Lightsinthedark-1024x576.png 1024w, https:\/\/www.lightsinthedark.info\/en\/wp-content\/uploads\/2023\/05\/SOSporn-Lightsinthedark-768x432.png 768w, https:\/\/www.lightsinthedark.info\/en\/wp-content\/uploads\/2023\/05\/SOSporn-Lightsinthedark-600x338.png 600w, https:\/\/www.lightsinthedark.info\/en\/wp-content\/uploads\/2023\/05\/SOSporn-Lightsinthedark-1536x864.png 1536w, https:\/\/www.lightsinthedark.info\/en\/wp-content\/uploads\/2023\/05\/SOSporn-Lightsinthedark-640x360.png 640w\" sizes=\"(max-width: 1920px) 100vw, 1920px\" \/>\t\t\t\t\t<\/a>\n\t\t\t\t\t<\/div>\n        <div class=\"edgtf-bli-content\">\n                            <div class=\"edgtf-bli-info\">\n\t                <div itemprop=\"dateCreated\" class=\"edgtf-post-info-date entry-date published updated\">\n            <a itemprop=\"url\" href=\"https:\/\/www.lightsinthedark.info\/en\/2023\/05\/\">\n    \n        05\/15\/2023        <\/a>\n    <meta itemprop=\"interactionCount\" content=\"UserComments: 0\"\/>\n<\/div><div class=\"edgtf-post-info-category\">\n    <a href=\"https:\/\/www.lightsinthedark.info\/en\/category\/news\/\" rel=\"category tag\">News<\/a><\/div><div class=\"edgtf-post-info-author\">\n    <span class=\"edgtf-post-info-author-text\">\n        By    <\/span>\n    <a itemprop=\"author\" class=\"edgtf-post-info-author-link\" href=\"https:\/\/www.lightsinthedark.info\/en\/author\/dmin\/\">\n        @dmin    <\/a>\n<\/div>                <\/div>\n            \t\n\t        \n<h4 itemprop=\"name\" class=\"entry-title edgtf-post-title\" >\n            <a itemprop=\"url\" href=\"https:\/\/www.lightsinthedark.info\/en\/the-french-online-missionary-initiative-lights-in-the-dark\/\" title=\"The French online missionary initiative \u201cLights in the Dark\u201d (Puridicuore.it)\">\n            The French online missionary initiative \u201cLights in the Dark\u201d (Puridicuore.it)            <\/a>\n    <\/h4>\t\n\t        <div class=\"edgtf-bli-excerpt\">\n\t\t        \t\t<div class=\"edgtf-post-excerpt-holder\">\n\t\t\t<p itemprop=\"description\" class=\"edgtf-post-excerpt\">\n\t\t\t\t\u00a0\r\n\r\nInterview with Jean-Baptiste Maillard (via Puridicuore.it, translated for Lightsintehdark.info).\r\n\r\n&nbsp;\r\n\r\n\r\n\r\nAfter having spoken in this blog about various European and American realities, I would like to focus on Lights in the Dark, an initiative already mentioned on the Puri di Cuore website\t\t\t<\/p>\n\t\t<\/div>\n\t\t\t        \t<div class=\"edgtf-post-read-more-button\">\n\t\t<a itemprop=\"url\" href=\"https:\/\/www.lightsinthedark.info\/en\/the-french-online-missionary-initiative-lights-in-the-dark\/\" target=\"_self\"  class=\"edgtf-btn edgtf-btn-medium edgtf-btn-simple edgtf-blog-list-button\" data-move=\"strict\" data-text=\"Read More\" >    <span class=\"edgtf-btn-text\">Read More<\/span>    <\/a>\t<\/div>\n\t        <\/div>\n        <\/div>\n\t<\/div>\n<\/li><li class=\"edgtf-bl-item edgtf-item-space\">\n\t<div class=\"edgtf-bli-inner\">\n\t\t\n\t<div class=\"edgtf-post-image\">\n\t\t\t\t\t<a itemprop=\"url\" href=\"https:\/\/www.lightsinthedark.info\/en\/new-online-platform-fights-porn-addiction-under-the-patronage-of-blessed-carlo-acutis-ncr\/\" title=\"New Online Platform Fights Porn Addiction Under the Patronage of Blessed Carlo Acutis (NCR)\">\n\t\t\t\t\t<img decoding=\"async\" width=\"1868\" height=\"1590\" src=\"https:\/\/www.lightsinthedark.info\/en\/wp-content\/uploads\/2023\/05\/NCR-SOSporn.png\" class=\"attachment-full size-full wp-post-image\" alt=\"\" srcset=\"https:\/\/www.lightsinthedark.info\/en\/wp-content\/uploads\/2023\/05\/NCR-SOSporn.png 1868w, https:\/\/www.lightsinthedark.info\/en\/wp-content\/uploads\/2023\/05\/NCR-SOSporn-300x255.png 300w, https:\/\/www.lightsinthedark.info\/en\/wp-content\/uploads\/2023\/05\/NCR-SOSporn-1024x872.png 1024w, https:\/\/www.lightsinthedark.info\/en\/wp-content\/uploads\/2023\/05\/NCR-SOSporn-768x654.png 768w, https:\/\/www.lightsinthedark.info\/en\/wp-content\/uploads\/2023\/05\/NCR-SOSporn-600x511.png 600w, https:\/\/www.lightsinthedark.info\/en\/wp-content\/uploads\/2023\/05\/NCR-SOSporn-1536x1307.png 1536w, https:\/\/www.lightsinthedark.info\/en\/wp-content\/uploads\/2023\/05\/NCR-SOSporn-640x545.png 640w\" sizes=\"(max-width: 1868px) 100vw, 1868px\" \/>\t\t\t\t\t<\/a>\n\t\t\t\t\t<\/div>\n        <div class=\"edgtf-bli-content\">\n                            <div class=\"edgtf-bli-info\">\n\t                <div itemprop=\"dateCreated\" class=\"edgtf-post-info-date entry-date published updated\">\n            <a itemprop=\"url\" href=\"https:\/\/www.lightsinthedark.info\/en\/2023\/04\/\">\n    \n        04\/18\/2023        <\/a>\n    <meta itemprop=\"interactionCount\" content=\"UserComments: 0\"\/>\n<\/div><div class=\"edgtf-post-info-category\">\n    <a href=\"https:\/\/www.lightsinthedark.info\/en\/category\/news\/\" rel=\"category tag\">News<\/a><\/div><div class=\"edgtf-post-info-author\">\n    <span class=\"edgtf-post-info-author-text\">\n        By    <\/span>\n    <a itemprop=\"author\" class=\"edgtf-post-info-author-link\" href=\"https:\/\/www.lightsinthedark.info\/en\/author\/dmin\/\">\n        @dmin    <\/a>\n<\/div>                <\/div>\n            \t\n\t        \n<h4 itemprop=\"name\" class=\"entry-title edgtf-post-title\" >\n            <a itemprop=\"url\" href=\"https:\/\/www.lightsinthedark.info\/en\/new-online-platform-fights-porn-addiction-under-the-patronage-of-blessed-carlo-acutis-ncr\/\" title=\"New Online Platform Fights Porn Addiction Under the Patronage of Blessed Carlo Acutis (NCR)\">\n            New Online Platform Fights Porn Addiction Under the Patronage of Blessed Carlo Acutis (NCR)            <\/a>\n    <\/h4>\t\n\t        <div class=\"edgtf-bli-excerpt\">\n\t\t        \t\t<div class=\"edgtf-post-excerpt-holder\">\n\t\t\t<p itemprop=\"description\" class=\"edgtf-post-excerpt\">\n\t\t\t\tRead here on National Catholic Register\r\n\r\nFull version:\r\n\r\n-What made you want to launch a new website, in the wake of Lights in the Dark, that is specifically dedicated to providing support against pornography addiction?\u00a0\r\n\r\n&nbsp;\r\n\r\nOur organization was created in 2015 to offer\t\t\t<\/p>\n\t\t<\/div>\n\t\t\t        \t<div class=\"edgtf-post-read-more-button\">\n\t\t<a itemprop=\"url\" href=\"https:\/\/www.lightsinthedark.info\/en\/new-online-platform-fights-porn-addiction-under-the-patronage-of-blessed-carlo-acutis-ncr\/\" target=\"_self\"  class=\"edgtf-btn edgtf-btn-medium edgtf-btn-simple edgtf-blog-list-button\" data-move=\"strict\" data-text=\"Read More\" >    <span class=\"edgtf-btn-text\">Read More<\/span>    <\/a>\t<\/div>\n\t        <\/div>\n        <\/div>\n\t<\/div>\n<\/li><li class=\"edgtf-bl-item edgtf-item-space\">\n\t<div class=\"edgtf-bli-inner\">\n\t\t\n\t<div class=\"edgtf-post-image\">\n\t\t\t\t\t<a itemprop=\"url\" href=\"https:\/\/www.lightsinthedark.info\/en\/our-new-platform-sosporn-org-helping-those-addicted-to-pornography\/\" title=\"Our New Platform SOSporn.org:  Helping Those Addicted to Pornography\">\n\t\t\t\t\t<img decoding=\"async\" width=\"3312\" height=\"1980\" src=\"https:\/\/www.lightsinthedark.info\/en\/wp-content\/uploads\/2023\/03\/Capture-SOSporn-2.png\" class=\"attachment-full size-full wp-post-image\" alt=\"\" srcset=\"https:\/\/www.lightsinthedark.info\/en\/wp-content\/uploads\/2023\/03\/Capture-SOSporn-2.png 3312w, https:\/\/www.lightsinthedark.info\/en\/wp-content\/uploads\/2023\/03\/Capture-SOSporn-2-300x179.png 300w, https:\/\/www.lightsinthedark.info\/en\/wp-content\/uploads\/2023\/03\/Capture-SOSporn-2-1024x612.png 1024w, https:\/\/www.lightsinthedark.info\/en\/wp-content\/uploads\/2023\/03\/Capture-SOSporn-2-768x459.png 768w, https:\/\/www.lightsinthedark.info\/en\/wp-content\/uploads\/2023\/03\/Capture-SOSporn-2-600x359.png 600w, https:\/\/www.lightsinthedark.info\/en\/wp-content\/uploads\/2023\/03\/Capture-SOSporn-2-1536x918.png 1536w, https:\/\/www.lightsinthedark.info\/en\/wp-content\/uploads\/2023\/03\/Capture-SOSporn-2-640x383.png 640w\" sizes=\"(max-width: 3312px) 100vw, 3312px\" \/>\t\t\t\t\t<\/a>\n\t\t\t\t\t<\/div>\n        <div class=\"edgtf-bli-content\">\n                            <div class=\"edgtf-bli-info\">\n\t                <div itemprop=\"dateCreated\" class=\"edgtf-post-info-date entry-date published updated\">\n            <a itemprop=\"url\" href=\"https:\/\/www.lightsinthedark.info\/en\/2023\/03\/\">\n    \n        03\/15\/2023        <\/a>\n    <meta itemprop=\"interactionCount\" content=\"UserComments: 0\"\/>\n<\/div><div class=\"edgtf-post-info-category\">\n    <a href=\"https:\/\/www.lightsinthedark.info\/en\/category\/news\/\" rel=\"category tag\">News<\/a><\/div><div class=\"edgtf-post-info-author\">\n    <span class=\"edgtf-post-info-author-text\">\n        By    <\/span>\n    <a itemprop=\"author\" class=\"edgtf-post-info-author-link\" href=\"https:\/\/www.lightsinthedark.info\/en\/author\/dmin\/\">\n        @dmin    <\/a>\n<\/div>                <\/div>\n            \t\n\t        \n<h4 itemprop=\"name\" class=\"entry-title edgtf-post-title\" >\n            <a itemprop=\"url\" href=\"https:\/\/www.lightsinthedark.info\/en\/our-new-platform-sosporn-org-helping-those-addicted-to-pornography\/\" title=\"Our New Platform SOSporn.org:  Helping Those Addicted to Pornography\">\n            Our New Platform SOSporn.org:  Helping Those Addicted to Pornography            <\/a>\n    <\/h4>\t\n\t        <div class=\"edgtf-bli-excerpt\">\n\t\t        \t\t<div class=\"edgtf-post-excerpt-holder\">\n\t\t\t<p itemprop=\"description\" class=\"edgtf-post-excerpt\">\n\t\t\t\tLaunched in French in September 2020, SOSporno.net has already enabled the Healing from addictions to pornography of at least three people in France, thanks to the Deliverance Prayer through the intercession of Blessed Carlo Acutis. Our platform is now open\t\t\t<\/p>\n\t\t<\/div>\n\t\t\t        \t<div class=\"edgtf-post-read-more-button\">\n\t\t<a itemprop=\"url\" href=\"https:\/\/www.lightsinthedark.info\/en\/our-new-platform-sosporn-org-helping-those-addicted-to-pornography\/\" target=\"_self\"  class=\"edgtf-btn edgtf-btn-medium edgtf-btn-simple edgtf-blog-list-button\" data-move=\"strict\" data-text=\"Read More\" >    <span class=\"edgtf-btn-text\">Read More<\/span>    <\/a>\t<\/div>\n\t        <\/div>\n        <\/div>\n\t<\/div>\n<\/li>\t\t<\/ul>\n\t<\/div>\n\t<\/div>\t\t<\/div>\n\t<\/div>\n<\/div><\/div>[\/vc_column][\/vc_row][vc_row][vc_column][vc_empty_space height=&#8221;52px&#8221;][\/vc_column][\/vc_row][vc_row][vc_column]<div class=\"edgtf-elements-holder   edgtf-one-column  edgtf-responsive-mode-768 \" ><div class=\"edgtf-eh-item     \"  data-item-class=\"edgtf-eh-custom-7998\">\n\t<div class=\"edgtf-eh-item-inner\">\n\t\t<div class=\"edgtf-eh-item-content edgtf-eh-custom-7998\" style=\"padding: 0 0 146px 0\">\n\t\t\t<div class=\"edgtf-testimonials-holder clearfix edgtf-testimonials-standard \">\n    <div class=\"edgtf-testimonial-mark\">\n\t\t<svg class=\"edgtf-theme-svg\" x=\"0px\" y=\"0px\" width=\"293px\" height=\"293px\" viewBox=\"0 0 231.971 231.971\" enable-background=\"new 0 0 231.971 231.971\" xml:space=\"preserve\">\n\t\t\t\t\t<circle fill=\"none\" stroke=\"#000000\" stroke-miterlimit=\"10\" cx=\"115.985\" cy=\"115.985\" r=\"115.485\"\/>\n\t\t\t\t<\/svg>    <\/div>\n    <div class=\"edgtf-testimonials edgtf-owl-slider\" data-number-of-items=\"1\" data-enable-loop=\"yes\" data-enable-autoplay=\"yes\" data-slider-speed=\"5000\" data-slider-speed-animation=\"600\" data-enable-navigation=\"yes\" data-enable-pagination=\"yes\" >\n\n    \n            <div class=\"edgtf-testimonial-content\" id=\"edgtf-testimonials-13262\">\n                <div class=\"edgtf-testimonial-text-holder\">\n                                            <h4 itemprop=\"name\" class=\"edgtf-testimonial-title entry-title\">Hooked on Porn for 25 years\u2026 Fran\u00e7ois was Healed!<\/h4>\n                                                                <p class=\"edgtf-testimonial-text\">Fran\u00e7ois had been addicted to pornography for over 25 years. He had never before been able to kick the habit. His life was terribly affected by his addiction. He spoke about it to a priest who gave him the deliverance prayer from SOSporno.net for the intercession of Blessed Carlo Acutis. He started reciting the prayer with all his heart. And then something changed in him\u2026 Seven months later he told the priest that he was healed!<\/p>\n                                                                <p class=\"edgtf-testimonial-author\">\n                            <span class=\"edgtf-testimonials-author-name\">Fran\u00e7ois<\/span>\n                                                    <\/p>\n                                    <\/div>\n                            <\/div>\n\n    \n            <div class=\"edgtf-testimonial-content\" id=\"edgtf-testimonials-12784\">\n                <div class=\"edgtf-testimonial-text-holder\">\n                                            <h4 itemprop=\"name\" class=\"edgtf-testimonial-title entry-title\">\u201cThanks to SOSporno.net, I am healed from watching pornography!\u201d <\/h4>\n                                                                <p class=\"edgtf-testimonial-text\">Agathe is 22 years old, she has been addicted to pornography since the age of 12 and goes to porn websites every day. One day, she asked God to help her, &quot;because I can&#039;t do it alone&quot;. At a wedding, an aunt gave her our deliverance prayer asking for the intercession of Blessed Carlo Acutis. Agathe recited it that very same evening, and a week later she realized that she had not gone back to looing at porn websites since\u2014she was healed! She discovered on SOSporno.net that she had received the prayer from us on the same day and at the same time as Carlo Acutis&#039; actual beatification. She announced this to us 9 months later.<\/p>\n                                                                <p class=\"edgtf-testimonial-author\">\n                            <span class=\"edgtf-testimonials-author-name\">Agathe<\/span>\n                                                    <\/p>\n                                    <\/div>\n                            <\/div>\n\n    \n            <div class=\"edgtf-testimonial-content\" id=\"edgtf-testimonials-12490\">\n                <div class=\"edgtf-testimonial-text-holder\">\n                                            <h4 itemprop=\"name\" class=\"edgtf-testimonial-title entry-title\">\u201cI can\u2019t thank you enough for what you have done for me today!\u201d <\/h4>\n                                                                <p class=\"edgtf-testimonial-text\">Dominique\u2019s companion lost her daughter in dramatic circumstances and he was searching for a way to comfort her. He went on the Internet and typed \u201clife after death\u201d and \u201csuicide\u201d, and he came across our platform Laviearpreslamort.com (LifeAfterDeath.com in English). He poured his heart out to an online e-missionary who emailed him a prayer. Dominique wrote back: \u201cI can\u2019t thank you enough for what you have done for me today!\u201d He contacted a priest near his home we had indicated to him, asked to be baptized and quickly became a catechumen. Dominique has the same first name as the bishop who sent him to the mission of Lights in the Dark. What a wonderful fioretti from God! This person has since become an e-missionary with us. <\/p>\n                                                                <p class=\"edgtf-testimonial-author\">\n                            <span class=\"edgtf-testimonials-author-name\">Dominique<\/span>\n                                                    <\/p>\n                                    <\/div>\n                            <\/div>\n\n    \n    <\/div>\n<\/div>\t\t<\/div>\n\t<\/div>\n<\/div><\/div>[\/vc_column][\/vc_row][vc_row][vc_column][vc_empty_space height=&#8221;52px&#8221;][\/vc_column][\/vc_row][vc_row][vc_column width=&#8221;1\/2&#8243;]<div class=\"edgtf-animation-holder edgtf-element-from-left\" data-animation=\"edgtf-element-from-left\" data-animation-delay=\"2\"><div class=\"edgtf-animation-inner\"><div class=\"edgtf-call-to-action-holder  edgtf-normal-layout edgtf-content-in-grid edgtf-two-thirds-columns\">\n\t<div class=\"edgtf-cta-inner edgtf-grid\">\n\t\t<div class=\"edgtf-cta-text-holder\">\n\t\t\t<div class=\"edgtf-cta-text\">Je souhaite \u00eatre inform\u00e9(e) des nouveaut\u00e9s, je m&#8217;inscris \u00e0 la newsletter<\/div>\n\t\t<\/div>\n\t\t<div class=\"edgtf-cta-button-holder\" >\n\t\t\t<div class=\"edgtf-cta-button\"><a itemprop=\"url\" href=\"https:\/\/www.lightsinthedark.info\/abonnement-a-newsletter\/\" target=\"_self\" style=\"color: #000000;background-color: #ffffff\" class=\"edgtf-btn edgtf-btn-medium edgtf-btn-solid edgtf-btn-custom-hover-color\" data-move=\"strict\" data-hover-color=\"#ffcd00\" data-text=\"Je m&#039;inscris\" >    <span class=\"edgtf-btn-text\">Je m&#039;inscris<\/span>    <\/a><\/div>\n\t\t<\/div>\n\t<\/div>\n<\/div><\/div><\/div>[\/vc_column][vc_column width=&#8221;1\/2&#8243;][vc_column_text]\u00a0[\/vc_column_text][\/vc_column][\/vc_row]<\/p>\n<\/div>","protected":false},"excerpt":{"rendered":"<p>[vc_row][vc_column][vc_column_text]All the news about our mission to evangelize on the digital continent.[\/vc_column_text][vc_empty_space height=&#8221;50px&#8221;][\/vc_column][\/vc_row][vc_row][vc_column][\/vc_column][\/vc_row][vc_row][vc_column][vc_empty_space height=&#8221;52px&#8221;][\/vc_column][\/vc_row][vc_row][vc_column][\/vc_column][\/vc_row][vc_row][vc_column][vc_empty_space height=&#8221;52px&#8221;][\/vc_column][\/vc_row][vc_row][vc_column width=&#8221;1\/2&#8243;][\/vc_column][vc_column width=&#8221;1\/2&#8243;][vc_column_text]\u00a0[\/vc_column_text][\/vc_column][\/vc_row]<\/p>\n","protected":false},"author":2,"featured_media":0,"parent":0,"menu_order":0,"comment_status":"closed","ping_status":"closed","template":"","meta":{"_exactmetrics_skip_tracking":false,"_exactmetrics_sitenote_active":false,"_exactmetrics_sitenote_note":"","_exactmetrics_sitenote_category":0,"footnotes":""},"class_list":["post-12397","page","type-page","status-publish","hentry"],"yoast_head":"<!-- This site is optimized with the Yoast SEO plugin v27.3 - https:\/\/yoast.com\/product\/yoast-seo-wordpress\/ -->\n<title>NEWS - Lights in the Dark<\/title>\n<meta name=\"description\" content=\"D\u00e9couvrez toutes les actus sur l&#039;\u00e9vang\u00e9lisation du continent num\u00e9rique. Et si vous donniez 10% de votre temps de surf pour parler de J\u00e9sus ?\" \/>\n<meta name=\"robots\" content=\"index, follow, max-snippet:-1, max-image-preview:large, max-video-preview:-1\" \/>\n<link rel=\"canonical\" href=\"https:\/\/www.lightsinthedark.info\/en\/news\/\" \/>\n<meta property=\"og:locale\" content=\"en_US\" \/>\n<meta property=\"og:type\" content=\"article\" \/>\n<meta property=\"og:title\" content=\"NEWS - Lights in the Dark\" \/>\n<meta property=\"og:description\" content=\"D\u00e9couvrez toutes les actus sur l&#039;\u00e9vang\u00e9lisation du continent num\u00e9rique. Et si vous donniez 10% de votre temps de surf pour parler de J\u00e9sus ?\" \/>\n<meta property=\"og:url\" content=\"https:\/\/www.lightsinthedark.info\/en\/news\/\" \/>\n<meta property=\"og:site_name\" content=\"Lights in the Dark\" \/>\n<meta property=\"article:modified_time\" content=\"2023-03-18T08:06:04+00:00\" \/>\n<meta name=\"twitter:card\" content=\"summary_large_image\" \/>\n<meta name=\"twitter:label1\" content=\"Est. reading time\" \/>\n\t<meta name=\"twitter:data1\" content=\"1 minute\" \/>\n<script type=\"application\/ld+json\" class=\"yoast-schema-graph\">{\"@context\":\"https:\\\/\\\/schema.org\",\"@graph\":[{\"@type\":\"WebPage\",\"@id\":\"https:\\\/\\\/www.lightsinthedark.info\\\/en\\\/news\\\/\",\"url\":\"https:\\\/\\\/www.lightsinthedark.info\\\/en\\\/news\\\/\",\"name\":\"NEWS - Lights in the Dark\",\"isPartOf\":{\"@id\":\"https:\\\/\\\/www.lightsinthedark.info\\\/en\\\/#website\"},\"datePublished\":\"2022-03-14T09:44:47+00:00\",\"dateModified\":\"2023-03-18T08:06:04+00:00\",\"description\":\"D\u00e9couvrez toutes les actus sur l'\u00e9vang\u00e9lisation du continent num\u00e9rique. Et si vous donniez 10% de votre temps de surf pour parler de J\u00e9sus ?\",\"breadcrumb\":{\"@id\":\"https:\\\/\\\/www.lightsinthedark.info\\\/en\\\/news\\\/#breadcrumb\"},\"inLanguage\":\"en-US\",\"potentialAction\":[{\"@type\":\"ReadAction\",\"target\":[\"https:\\\/\\\/www.lightsinthedark.info\\\/en\\\/news\\\/\"]}]},{\"@type\":\"BreadcrumbList\",\"@id\":\"https:\\\/\\\/www.lightsinthedark.info\\\/en\\\/news\\\/#breadcrumb\",\"itemListElement\":[{\"@type\":\"ListItem\",\"position\":1,\"name\":\"Home\",\"item\":\"https:\\\/\\\/www.lightsinthedark.info\\\/en\\\/\"},{\"@type\":\"ListItem\",\"position\":2,\"name\":\"NEWS\"}]},{\"@type\":\"WebSite\",\"@id\":\"https:\\\/\\\/www.lightsinthedark.info\\\/en\\\/#website\",\"url\":\"https:\\\/\\\/www.lightsinthedark.info\\\/en\\\/\",\"name\":\"Lights in the Dark\",\"description\":\"Evangelize through the Internet\",\"potentialAction\":[{\"@type\":\"SearchAction\",\"target\":{\"@type\":\"EntryPoint\",\"urlTemplate\":\"https:\\\/\\\/www.lightsinthedark.info\\\/en\\\/?s={search_term_string}\"},\"query-input\":{\"@type\":\"PropertyValueSpecification\",\"valueRequired\":true,\"valueName\":\"search_term_string\"}}],\"inLanguage\":\"en-US\"}]}<\/script>\n<!-- \/ Yoast SEO plugin. -->","yoast_head_json":{"title":"NEWS - Lights in the Dark","description":"D\u00e9couvrez toutes les actus sur l'\u00e9vang\u00e9lisation du continent num\u00e9rique. Et si vous donniez 10% de votre temps de surf pour parler de J\u00e9sus ?","robots":{"index":"index","follow":"follow","max-snippet":"max-snippet:-1","max-image-preview":"max-image-preview:large","max-video-preview":"max-video-preview:-1"},"canonical":"https:\/\/www.lightsinthedark.info\/en\/news\/","og_locale":"en_US","og_type":"article","og_title":"NEWS - Lights in the Dark","og_description":"D\u00e9couvrez toutes les actus sur l'\u00e9vang\u00e9lisation du continent num\u00e9rique. Et si vous donniez 10% de votre temps de surf pour parler de J\u00e9sus ?","og_url":"https:\/\/www.lightsinthedark.info\/en\/news\/","og_site_name":"Lights in the Dark","article_modified_time":"2023-03-18T08:06:04+00:00","twitter_card":"summary_large_image","twitter_misc":{"Est. reading time":"1 minute"},"schema":{"@context":"https:\/\/schema.org","@graph":[{"@type":"WebPage","@id":"https:\/\/www.lightsinthedark.info\/en\/news\/","url":"https:\/\/www.lightsinthedark.info\/en\/news\/","name":"NEWS - Lights in the Dark","isPartOf":{"@id":"https:\/\/www.lightsinthedark.info\/en\/#website"},"datePublished":"2022-03-14T09:44:47+00:00","dateModified":"2023-03-18T08:06:04+00:00","description":"D\u00e9couvrez toutes les actus sur l'\u00e9vang\u00e9lisation du continent num\u00e9rique. Et si vous donniez 10% de votre temps de surf pour parler de J\u00e9sus ?","breadcrumb":{"@id":"https:\/\/www.lightsinthedark.info\/en\/news\/#breadcrumb"},"inLanguage":"en-US","potentialAction":[{"@type":"ReadAction","target":["https:\/\/www.lightsinthedark.info\/en\/news\/"]}]},{"@type":"BreadcrumbList","@id":"https:\/\/www.lightsinthedark.info\/en\/news\/#breadcrumb","itemListElement":[{"@type":"ListItem","position":1,"name":"Home","item":"https:\/\/www.lightsinthedark.info\/en\/"},{"@type":"ListItem","position":2,"name":"NEWS"}]},{"@type":"WebSite","@id":"https:\/\/www.lightsinthedark.info\/en\/#website","url":"https:\/\/www.lightsinthedark.info\/en\/","name":"Lights in the Dark","description":"Evangelize through the Internet","potentialAction":[{"@type":"SearchAction","target":{"@type":"EntryPoint","urlTemplate":"https:\/\/www.lightsinthedark.info\/en\/?s={search_term_string}"},"query-input":{"@type":"PropertyValueSpecification","valueRequired":true,"valueName":"search_term_string"}}],"inLanguage":"en-US"}]}},"_links":{"self":[{"href":"https:\/\/www.lightsinthedark.info\/en\/wp-json\/wp\/v2\/pages\/12397","targetHints":{"allow":["GET"]}}],"collection":[{"href":"https:\/\/www.lightsinthedark.info\/en\/wp-json\/wp\/v2\/pages"}],"about":[{"href":"https:\/\/www.lightsinthedark.info\/en\/wp-json\/wp\/v2\/types\/page"}],"author":[{"embeddable":true,"href":"https:\/\/www.lightsinthedark.info\/en\/wp-json\/wp\/v2\/users\/2"}],"replies":[{"embeddable":true,"href":"https:\/\/www.lightsinthedark.info\/en\/wp-json\/wp\/v2\/comments?post=12397"}],"version-history":[{"count":3,"href":"https:\/\/www.lightsinthedark.info\/en\/wp-json\/wp\/v2\/pages\/12397\/revisions"}],"predecessor-version":[{"id":13373,"href":"https:\/\/www.lightsinthedark.info\/en\/wp-json\/wp\/v2\/pages\/12397\/revisions\/13373"}],"wp:attachment":[{"href":"https:\/\/www.lightsinthedark.info\/en\/wp-json\/wp\/v2\/media?parent=12397"}],"curies":[{"name":"wp","href":"https:\/\/api.w.org\/{rel}","templated":true}]}}