{"id":12386,"date":"2022-03-14T10:40:40","date_gmt":"2022-03-14T09:40:40","guid":{"rendered":"https:\/\/www.lightsinthedark.info\/?page_id=12386"},"modified":"2024-11-28T04:50:29","modified_gmt":"2024-11-28T09:50:29","slug":"our-mission","status":"publish","type":"page","link":"https:\/\/www.lightsinthedark.info\/en\/our-mission\/","title":{"rendered":"OUR MISSION"},"content":{"rendered":"<div class=\"wpb-content-wrapper\"><p>[vc_row][vc_column]<div class=\"edgtf-text-marquee edgtf-tm-8086 edgtf-hollow-text\" style=\"font-size: 160px;font-weight: 400\" data-item-class=\"edgtf-tm-8086\">\n    <span class=\"edgtf-marquee-element edgtf-original-text\">OUR BELIEF<\/span>\n    <span class=\"edgtf-marquee-element edgtf-aux-text\">OUR BELIEF<\/span>\n<\/div>[vc_single_image image=&#8221;13359&#8243; img_size=&#8221;full&#8221;][vc_empty_space height=&#8221;45px&#8221;][\/vc_column][\/vc_row][vc_row][vc_column][vc_column_text css_animation=&#8221;bounceInDown&#8221;]<\/p>\n<h3><span style=\"color: #ffcd00;\">INTERNET IS THE FIRST FACTFINDER OF THIS GENERATION!<\/span><\/h3>\n<p>[\/vc_column_text][vc_empty_space height=&#8221;50px&#8221;][\/vc_column][\/vc_row][vc_row][vc_column]<div class=\"edgtf-elements-holder   edgtf-one-column  edgtf-responsive-mode-768 \" ><div class=\"edgtf-eh-item     \"  data-item-class=\"edgtf-eh-custom-9344\">\n\t<div class=\"edgtf-eh-item-inner\">\n\t\t<div class=\"edgtf-eh-item-content edgtf-eh-custom-9344\" >\n\t\t\t<div class=\"edgtf-section-title-holder  edgtf-st-standard edgtf-st-title-left edgtf-st-normal-space \" >\n\t<div class=\"edgtf-st-inner\">\n\t\t\t\t\t<h4 class=\"edgtf-st-title\" >\n\t\t\t\tWE HAVE BEEN ON THE INTERNET FOR 7 YEARS\t\t\t<\/h4>\n\t\t\t\t\t<\/div>\n<\/div>[vc_empty_space height=&#8221;50Px&#8221;][vc_empty_space height=&#8221;45px&#8221;]\t\t<\/div>\n\t<\/div>\n<\/div><\/div>[\/vc_column][\/vc_row][vc_row][vc_column]<div class=\"edgtf-elements-holder   edgtf-one-column  edgtf-responsive-mode-768 \" ><div class=\"edgtf-eh-item  edgtf-vertical-alignment-top   \"  data-item-class=\"edgtf-eh-custom-5001\" data-1025-1366=\"0px 35px 0px 0px\" data-769-1024=\"0px 0px 30px\" data-681-768=\"0px 0px 30px\" data-680=\"0px 0px 30px\">\n\t<div class=\"edgtf-eh-item-inner\">\n\t\t<div class=\"edgtf-eh-item-content edgtf-eh-custom-5001\" style=\"padding: 0px 50px 0px 0px\">\n\t\t\t[vc_column_text]<strong>OUR MISSION<\/strong>[\/vc_column_text][vc_column_text]We work to bring <span style=\"color: #ffcd00;\">\u00a0<b>hope<\/b><\/span> and <span style=\"color: #ffcd00;\">\u00a0<b>comfort<\/b><\/span> to the wounded and the seekers of truth on the Internet, by <span style=\"color: #ffcd00;\">\u00a0<b>spreading the light of Christ.<\/b><\/span>[\/vc_column_text]\t\t<\/div>\n\t<\/div>\n<\/div><div class=\"edgtf-eh-item  edgtf-vertical-alignment-top   \"  data-item-class=\"edgtf-eh-custom-1629\" data-1025-1366=\"0px 35px 0px 0px\" data-769-1024=\"0px 0px 30px\" data-681-768=\"0px 0px 30px\" data-680=\"0px 0px 30px\">\n\t<div class=\"edgtf-eh-item-inner\">\n\t\t<div class=\"edgtf-eh-item-content edgtf-eh-custom-1629\" style=\"padding: 0px 50px 0px 0px\">\n\t\t\t[vc_column_text]<strong>THE REASON<br \/>\n<\/strong>[\/vc_column_text][vc_column_text]We have at heart <span style=\"color: #ffcd00;\"><strong>to help<\/strong><\/span> our contemporaries find the joy and peace that comes from God. So few of them know that <span style=\"color: #ffcd00;\"><strong>God exists<\/strong><\/span> and that <span style=\"color: #ffcd00;\"><strong>He loves them!<\/strong><\/span>[\/vc_column_text]\t\t<\/div>\n\t<\/div>\n<\/div><div class=\"edgtf-eh-item  edgtf-vertical-alignment-top   \"  data-item-class=\"edgtf-eh-custom-6665\" data-1025-1366=\"0px 35px 0px 0px\" data-769-1024=\"0px 0px 30px\" data-681-768=\"0px 0px 30px\" data-680=\"0px 0px 30px\">\n\t<div class=\"edgtf-eh-item-inner\">\n\t\t<div class=\"edgtf-eh-item-content edgtf-eh-custom-6665\" style=\"padding: 0px 50px 0px 0px\">\n\t\t\t[vc_column_text]<strong>OUR KNOW-HOW<\/strong>[\/vc_column_text][vc_column_text]One of our strongest points is <span style=\"color: #ffcd00;\"><strong>the chat<\/strong><\/span>, which is an up to date place where each Internet user can start a real human exchange with an e-missionary.[\/vc_column_text][vc_empty_space height=&#8221;50px&#8221;]\t\t<\/div>\n\t<\/div>\n<\/div><\/div>[\/vc_column][\/vc_row][vc_row][vc_column]<div class=\"edgtf-elements-holder   edgtf-one-column  edgtf-responsive-mode-768 \" ><div class=\"edgtf-eh-item     \"  data-item-class=\"edgtf-eh-custom-6318\">\n\t<div class=\"edgtf-eh-item-inner\">\n\t\t<div class=\"edgtf-eh-item-content edgtf-eh-custom-6318\" >\n\t\t\t<div class=\"edgtf-section-title-holder  edgtf-st-standard edgtf-st-title-left edgtf-st-normal-space \" style=\"text-align: left\">\n\t<div class=\"edgtf-st-inner\">\n\t\t\t\t\t<h3 class=\"edgtf-st-title\" >\n\t\t\t\tENCOURAGEMENT FROM POPE FRANCIS\t\t\t<\/h3>\n\t\t\t\t\t<\/div>\n<\/div>[vc_empty_space height=&#8221;100&#8243;][vc_single_image image=&#8221;13350&#8243; img_size=&#8221;full&#8221;][vc_column_text]<\/p>\n<p style=\"text-align: center;\">Read the <a href=\"https:\/\/www.lightsinthedark.info\/en\/a-letter-from-the-pope-francis\/\">message from the pope Francis<\/a><\/p>\n<p>[\/vc_column_text][vc_empty_space height=&#8221;100&#8243;]<div class=\"edgtf-section-title-holder  edgtf-st-standard edgtf-st-title-left edgtf-st-normal-space \" >\n\t<div class=\"edgtf-st-inner\">\n\t\t\t\t\t<h2 class=\"edgtf-st-title\" >\n\t\t\t\tOUR EVENT\t\t\t<\/h2>\n\t\t\t\t\t\t\t<p class=\"edgtf-st-text\" >\n\t\t\t\tThe annual e-Mission forum brings together all those who want to evangelize on the Internet.\t\t\t<\/p>\n\t\t\t<\/div>\n<\/div>[vc_empty_space height=&#8221;100&#8243;][vc_single_image image=&#8221;8324&#8243; img_size=&#8221;full&#8221; alignment=&#8221;center&#8221;][vc_empty_space height=&#8221;100&#8243;]\t\t<\/div>\n\t<\/div>\n<\/div><\/div>[vc_empty_space height=&#8221;50px&#8221;][\/vc_column][\/vc_row][vc_row][vc_column]<div class=\"edgtf-elements-holder   edgtf-one-column  edgtf-responsive-mode-768 \" ><div class=\"edgtf-eh-item     \"  data-item-class=\"edgtf-eh-custom-6263\">\n\t<div class=\"edgtf-eh-item-inner\">\n\t\t<div class=\"edgtf-eh-item-content edgtf-eh-custom-6263\" >\n\t\t\t[vc_column_text]<\/p>\n<h3>Testimonials<\/h3>\n<p>[\/vc_column_text][vc_empty_space]<div class=\"edgtf-testimonials-holder clearfix edgtf-testimonials-boxed edgtf-testimonials-light\">\n    <div class=\"edgtf-testimonials edgtf-owl-slider\" data-number-of-items=\"1\" data-enable-loop=\"yes\" data-enable-autoplay=\"yes\" data-slider-speed=\"5000\" data-slider-speed-animation=\"600\" data-enable-navigation=\"yes\" data-enable-pagination=\"yes\" data-slider-margin=\"10\">\n\n        \n                <div class=\"edgtf-testimonial-content\" id=\"edgtf-testimonials-13262\" style=\"background-color: #0a0a0a\">\n                    <div class=\"edgtf-testimonial-text-holder\">\n                                                    <p class=\"edgtf-testimonial-text\">Fran\u00e7ois had been addicted to pornography for over 25 years. He had never before been able to kick the habit. His life was terribly affected by his addiction. He spoke about it to a priest who gave him the deliverance prayer from SOSporno.net for the intercession of Blessed Carlo Acutis. He started reciting the prayer with all his heart. And then something changed in him\u2026 Seven months later he told the priest that he was healed!<\/p>\n                                                                            <div class=\"edgtf-testimonials-author-holder clearfix\">\n                                                                                                    <h4 class=\"edgtf-testimonial-author\">\n                                        <span class=\"edgtf-testimonials-author-name\">Fran\u00e7ois<\/span>\n                                                                            <\/h4>\n                                                            <\/div>\n                                            <\/div>\n                <\/div>\n\n        \n                <div class=\"edgtf-testimonial-content\" id=\"edgtf-testimonials-12784\" style=\"background-color: #0a0a0a\">\n                    <div class=\"edgtf-testimonial-text-holder\">\n                                                    <p class=\"edgtf-testimonial-text\">Agathe is 22 years old, she has been addicted to pornography since the age of 12 and goes to porn websites every day. One day, she asked God to help her, &quot;because I can&#039;t do it alone&quot;. At a wedding, an aunt gave her our deliverance prayer asking for the intercession of Blessed Carlo Acutis. Agathe recited it that very same evening, and a week later she realized that she had not gone back to looing at porn websites since\u2014she was healed! She discovered on SOSporno.net that she had received the prayer from us on the same day and at the same time as Carlo Acutis&#039; actual beatification. She announced this to us 9 months later.<\/p>\n                                                                            <div class=\"edgtf-testimonials-author-holder clearfix\">\n                                                                                                    <h4 class=\"edgtf-testimonial-author\">\n                                        <span class=\"edgtf-testimonials-author-name\">Agathe<\/span>\n                                                                            <\/h4>\n                                                            <\/div>\n                                            <\/div>\n                <\/div>\n\n        \n                <div class=\"edgtf-testimonial-content\" id=\"edgtf-testimonials-12490\" style=\"background-color: #0a0a0a\">\n                    <div class=\"edgtf-testimonial-text-holder\">\n                                                    <p class=\"edgtf-testimonial-text\">Dominique\u2019s companion lost her daughter in dramatic circumstances and he was searching for a way to comfort her. He went on the Internet and typed \u201clife after death\u201d and \u201csuicide\u201d, and he came across our platform Laviearpreslamort.com (LifeAfterDeath.com in English). He poured his heart out to an online e-missionary who emailed him a prayer. Dominique wrote back: \u201cI can\u2019t thank you enough for what you have done for me today!\u201d He contacted a priest near his home we had indicated to him, asked to be baptized and quickly became a catechumen. Dominique has the same first name as the bishop who sent him to the mission of Lights in the Dark. What a wonderful fioretti from God! This person has since become an e-missionary with us. <\/p>\n                                                                            <div class=\"edgtf-testimonials-author-holder clearfix\">\n                                                                                                    <h4 class=\"edgtf-testimonial-author\">\n                                        <span class=\"edgtf-testimonials-author-name\">Dominique<\/span>\n                                                                            <\/h4>\n                                                            <\/div>\n                                            <\/div>\n                <\/div>\n\n        \n                <div class=\"edgtf-testimonial-content\" id=\"edgtf-testimonials-152\" style=\"background-color: #0a0a0a\">\n                    <div class=\"edgtf-testimonial-text-holder\">\n                                                    <p class=\"edgtf-testimonial-text\">Saadia started chatting with one of our e-missionairies. She started trusting the person after about 10 minutes and told the person about her life. Saadia was born in Algeria, but she fled her homeland in 1994 because of the civil war and she still begrudged the people who had tramatized her there. We talked to her about mercy and asked her to think about forgiving the people who have hurt her in the past. She asked us how she could meet Jesus and started moving along towards being ready to ask to be baptized. Today, she reads the New Testament and goes to Mass or Vespers every week. <\/p>\n                                                                            <div class=\"edgtf-testimonials-author-holder clearfix\">\n                                                                                                    <h4 class=\"edgtf-testimonial-author\">\n                                        <span class=\"edgtf-testimonials-author-name\">Saadia<\/span>\n                                                                            <\/h4>\n                                                            <\/div>\n                                            <\/div>\n                <\/div>\n\n        \n                <div class=\"edgtf-testimonial-content\" id=\"edgtf-testimonials-12488\" style=\"background-color: #0a0a0a\">\n                    <div class=\"edgtf-testimonial-text-holder\">\n                                                    <p class=\"edgtf-testimonial-text\">Roxanna used to ask herself a lot of questions about God. After a conversation with an e-missionary on the live chat, she was asked to join an Alpha course. Roxanna took the entire course in her home town and, she still continues her journey in the Church to this day. She tells us: \u201cIn our first discussion on the live chat, I really liked your kindness and simplicity. You gave me such a warm welcome. I felt welcomed in the same nice way at Alpha. Lights in the Dark was instrumental in connecting me with others. Now when I go to Mass, I\u2019m not worried about feeling unwelcome or lonely in an unfamiliar place and where everyone else knows each other. I see Alpha members, as well as other parishioners, whom I now know. Today, I can talk about my faith and I feel loved by God.&quot; Roxanna asked for baptism and received it two years later!<\/p>\n                                                                            <div class=\"edgtf-testimonials-author-holder clearfix\">\n                                                                                                    <h4 class=\"edgtf-testimonial-author\">\n                                        <span class=\"edgtf-testimonials-author-name\">Alexia<\/span>\n                                                                            <\/h4>\n                                                            <\/div>\n                                            <\/div>\n                <\/div>\n\n            <\/div>\n<\/div>\t\t<\/div>\n\t<\/div>\n<\/div><\/div>[\/vc_column][\/vc_row]<\/p>\n<\/div>","protected":false},"excerpt":{"rendered":"<p>[vc_row][vc_column][vc_single_image image=&#8221;13359&#8243; img_size=&#8221;full&#8221;][vc_empty_space height=&#8221;45px&#8221;][\/vc_column][\/vc_row][vc_row][vc_column][vc_column_text css_animation=&#8221;bounceInDown&#8221;] INTERNET IS THE FIRST FACTFINDER OF THIS GENERATION! [\/vc_column_text][vc_empty_space height=&#8221;50px&#8221;][\/vc_column][\/vc_row][vc_row][vc_column][\/vc_column][\/vc_row][vc_row][vc_column][\/vc_column][\/vc_row][vc_row][vc_column][vc_empty_space height=&#8221;50px&#8221;][\/vc_column][\/vc_row][vc_row][vc_column][\/vc_column][\/vc_row]<\/p>\n","protected":false},"author":2,"featured_media":0,"parent":0,"menu_order":0,"comment_status":"closed","ping_status":"closed","template":"","meta":{"_exactmetrics_skip_tracking":false,"_exactmetrics_sitenote_active":false,"_exactmetrics_sitenote_note":"","_exactmetrics_sitenote_category":0,"footnotes":""},"class_list":["post-12386","page","type-page","status-publish","hentry"],"yoast_head":"<!-- This site is optimized with the Yoast SEO plugin v27.3 - https:\/\/yoast.com\/product\/yoast-seo-wordpress\/ -->\n<title>OUR MISSION - Lights in the Dark<\/title>\n<meta name=\"description\" content=\"Notre mission : apporter du r\u00e9confort et de l&#039;esp\u00e9rance \u00e0 ceux qui en ont besoin sur Internet, par le biais d&#039;un outil de chat&#039;. D\u00e9couvrez !\" \/>\n<meta name=\"robots\" content=\"index, follow, max-snippet:-1, max-image-preview:large, max-video-preview:-1\" \/>\n<link rel=\"canonical\" href=\"https:\/\/www.lightsinthedark.info\/en\/our-mission\/\" \/>\n<meta property=\"og:locale\" content=\"en_US\" \/>\n<meta property=\"og:type\" content=\"article\" \/>\n<meta property=\"og:title\" content=\"OUR MISSION - Lights in the Dark\" \/>\n<meta property=\"og:description\" content=\"Notre mission : apporter du r\u00e9confort et de l&#039;esp\u00e9rance \u00e0 ceux qui en ont besoin sur Internet, par le biais d&#039;un outil de chat&#039;. D\u00e9couvrez !\" \/>\n<meta property=\"og:url\" content=\"https:\/\/www.lightsinthedark.info\/en\/our-mission\/\" \/>\n<meta property=\"og:site_name\" content=\"Lights in the Dark\" \/>\n<meta property=\"article:modified_time\" content=\"2024-11-28T09:50:29+00:00\" \/>\n<meta name=\"twitter:card\" content=\"summary_large_image\" \/>\n<meta name=\"twitter:label1\" content=\"Est. reading time\" \/>\n\t<meta name=\"twitter:data1\" content=\"2 minutes\" \/>\n<script type=\"application\/ld+json\" class=\"yoast-schema-graph\">{\"@context\":\"https:\\\/\\\/schema.org\",\"@graph\":[{\"@type\":\"WebPage\",\"@id\":\"https:\\\/\\\/www.lightsinthedark.info\\\/en\\\/our-mission\\\/\",\"url\":\"https:\\\/\\\/www.lightsinthedark.info\\\/en\\\/our-mission\\\/\",\"name\":\"OUR MISSION - Lights in the Dark\",\"isPartOf\":{\"@id\":\"https:\\\/\\\/www.lightsinthedark.info\\\/en\\\/#website\"},\"datePublished\":\"2022-03-14T09:40:40+00:00\",\"dateModified\":\"2024-11-28T09:50:29+00:00\",\"description\":\"Notre mission : apporter du r\u00e9confort et de l'esp\u00e9rance \u00e0 ceux qui en ont besoin sur Internet, par le biais d'un outil de chat'. D\u00e9couvrez !\",\"breadcrumb\":{\"@id\":\"https:\\\/\\\/www.lightsinthedark.info\\\/en\\\/our-mission\\\/#breadcrumb\"},\"inLanguage\":\"en-US\",\"potentialAction\":[{\"@type\":\"ReadAction\",\"target\":[\"https:\\\/\\\/www.lightsinthedark.info\\\/en\\\/our-mission\\\/\"]}]},{\"@type\":\"BreadcrumbList\",\"@id\":\"https:\\\/\\\/www.lightsinthedark.info\\\/en\\\/our-mission\\\/#breadcrumb\",\"itemListElement\":[{\"@type\":\"ListItem\",\"position\":1,\"name\":\"Home\",\"item\":\"https:\\\/\\\/www.lightsinthedark.info\\\/en\\\/\"},{\"@type\":\"ListItem\",\"position\":2,\"name\":\"OUR MISSION\"}]},{\"@type\":\"WebSite\",\"@id\":\"https:\\\/\\\/www.lightsinthedark.info\\\/en\\\/#website\",\"url\":\"https:\\\/\\\/www.lightsinthedark.info\\\/en\\\/\",\"name\":\"Lights in the Dark\",\"description\":\"Evangelize through the Internet\",\"potentialAction\":[{\"@type\":\"SearchAction\",\"target\":{\"@type\":\"EntryPoint\",\"urlTemplate\":\"https:\\\/\\\/www.lightsinthedark.info\\\/en\\\/?s={search_term_string}\"},\"query-input\":{\"@type\":\"PropertyValueSpecification\",\"valueRequired\":true,\"valueName\":\"search_term_string\"}}],\"inLanguage\":\"en-US\"}]}<\/script>\n<!-- \/ Yoast SEO plugin. -->","yoast_head_json":{"title":"OUR MISSION - Lights in the Dark","description":"Notre mission : apporter du r\u00e9confort et de l'esp\u00e9rance \u00e0 ceux qui en ont besoin sur Internet, par le biais d'un outil de chat'. D\u00e9couvrez !","robots":{"index":"index","follow":"follow","max-snippet":"max-snippet:-1","max-image-preview":"max-image-preview:large","max-video-preview":"max-video-preview:-1"},"canonical":"https:\/\/www.lightsinthedark.info\/en\/our-mission\/","og_locale":"en_US","og_type":"article","og_title":"OUR MISSION - Lights in the Dark","og_description":"Notre mission : apporter du r\u00e9confort et de l'esp\u00e9rance \u00e0 ceux qui en ont besoin sur Internet, par le biais d'un outil de chat'. D\u00e9couvrez !","og_url":"https:\/\/www.lightsinthedark.info\/en\/our-mission\/","og_site_name":"Lights in the Dark","article_modified_time":"2024-11-28T09:50:29+00:00","twitter_card":"summary_large_image","twitter_misc":{"Est. reading time":"2 minutes"},"schema":{"@context":"https:\/\/schema.org","@graph":[{"@type":"WebPage","@id":"https:\/\/www.lightsinthedark.info\/en\/our-mission\/","url":"https:\/\/www.lightsinthedark.info\/en\/our-mission\/","name":"OUR MISSION - Lights in the Dark","isPartOf":{"@id":"https:\/\/www.lightsinthedark.info\/en\/#website"},"datePublished":"2022-03-14T09:40:40+00:00","dateModified":"2024-11-28T09:50:29+00:00","description":"Notre mission : apporter du r\u00e9confort et de l'esp\u00e9rance \u00e0 ceux qui en ont besoin sur Internet, par le biais d'un outil de chat'. D\u00e9couvrez !","breadcrumb":{"@id":"https:\/\/www.lightsinthedark.info\/en\/our-mission\/#breadcrumb"},"inLanguage":"en-US","potentialAction":[{"@type":"ReadAction","target":["https:\/\/www.lightsinthedark.info\/en\/our-mission\/"]}]},{"@type":"BreadcrumbList","@id":"https:\/\/www.lightsinthedark.info\/en\/our-mission\/#breadcrumb","itemListElement":[{"@type":"ListItem","position":1,"name":"Home","item":"https:\/\/www.lightsinthedark.info\/en\/"},{"@type":"ListItem","position":2,"name":"OUR MISSION"}]},{"@type":"WebSite","@id":"https:\/\/www.lightsinthedark.info\/en\/#website","url":"https:\/\/www.lightsinthedark.info\/en\/","name":"Lights in the Dark","description":"Evangelize through the Internet","potentialAction":[{"@type":"SearchAction","target":{"@type":"EntryPoint","urlTemplate":"https:\/\/www.lightsinthedark.info\/en\/?s={search_term_string}"},"query-input":{"@type":"PropertyValueSpecification","valueRequired":true,"valueName":"search_term_string"}}],"inLanguage":"en-US"}]}},"_links":{"self":[{"href":"https:\/\/www.lightsinthedark.info\/en\/wp-json\/wp\/v2\/pages\/12386","targetHints":{"allow":["GET"]}}],"collection":[{"href":"https:\/\/www.lightsinthedark.info\/en\/wp-json\/wp\/v2\/pages"}],"about":[{"href":"https:\/\/www.lightsinthedark.info\/en\/wp-json\/wp\/v2\/types\/page"}],"author":[{"embeddable":true,"href":"https:\/\/www.lightsinthedark.info\/en\/wp-json\/wp\/v2\/users\/2"}],"replies":[{"embeddable":true,"href":"https:\/\/www.lightsinthedark.info\/en\/wp-json\/wp\/v2\/comments?post=12386"}],"version-history":[{"count":20,"href":"https:\/\/www.lightsinthedark.info\/en\/wp-json\/wp\/v2\/pages\/12386\/revisions"}],"predecessor-version":[{"id":13437,"href":"https:\/\/www.lightsinthedark.info\/en\/wp-json\/wp\/v2\/pages\/12386\/revisions\/13437"}],"wp:attachment":[{"href":"https:\/\/www.lightsinthedark.info\/en\/wp-json\/wp\/v2\/media?parent=12386"}],"curies":[{"name":"wp","href":"https:\/\/api.w.org\/{rel}","templated":true}]}}